{"id":15,"date":"2017-12-07T17:05:52","date_gmt":"2017-12-07T16:05:52","guid":{"rendered":"http:\/\/chateaucheretpitres.fr\/?page_id=15"},"modified":"2024-01-19T18:00:23","modified_gmt":"2024-01-19T17:00:23","slug":"contact","status":"publish","type":"page","link":"https:\/\/chateaucheretpitres.fr\/index.php\/contact\/","title":{"rendered":"Contact"},"content":{"rendered":"<h3><img loading=\"lazy\" class=\"alignleft wp-image-118\" src=\"http:\/\/chateaucheretpitres.fr\/wp-content\/uploads\/2018\/01\/DSC_3706-300x200.jpg\" alt=\"Tarif chateau Cheret Pitres\" width=\"406\" height=\"270\" srcset=\"https:\/\/chateaucheretpitres.fr\/wp-content\/uploads\/2018\/01\/DSC_3706-300x200.jpg 300w, https:\/\/chateaucheretpitres.fr\/wp-content\/uploads\/2018\/01\/DSC_3706-768x513.jpg 768w, https:\/\/chateaucheretpitres.fr\/wp-content\/uploads\/2018\/01\/DSC_3706-1024x683.jpg 1024w\" sizes=\"(max-width: 406px) 100vw, 406px\" \/>Ch\u00e2teau Cheret Pitres<\/h3>\n<p>Aurore &amp; Nicolas DESWARTE<\/p>\n<p>Lieu-dit de Pitres<\/p>\n<p>33640 PORTETS<\/p>\n<h3><\/h3>\n<h3><i class=\"icon-mobile-phone\" style=\"font-size:14px; color:#000;\"><\/i>\u00a006 13 15 60 63<\/h3>\n<h3><i class=\"icon-envelope-alt\" style=\"font-size:14px; color:#000;\"><\/i> <a href=\"mailto:contact@chateaucheretpitres.fr\">contact@chateaucheretpitres.fr<\/a><\/h3>\n<div class=\"hrule clearfix\"><\/div><a href=\"http:\/\/chateaucheretpitres.fr\/wp-content\/uploads\/2018\/01\/cartographie-Cheret-P\u00eftres.png\"><img loading=\"lazy\" class=\"alignright wp-image-76 \" src=\"http:\/\/chateaucheretpitres.fr\/wp-content\/uploads\/2018\/01\/cartographie-Cheret-P\u00eftres-212x300.png\" alt=\"\" width=\"319\" height=\"451\" srcset=\"https:\/\/chateaucheretpitres.fr\/wp-content\/uploads\/2018\/01\/cartographie-Cheret-P\u00eftres-212x300.png 212w, https:\/\/chateaucheretpitres.fr\/wp-content\/uploads\/2018\/01\/cartographie-Cheret-P\u00eftres.png 584w\" sizes=\"(max-width: 319px) 100vw, 319px\" \/><\/a><\/p>\n<h2>Accueil \u00e0 la propri\u00e9t\u00e9 :<\/h2>\n<p class=\"font_7\">Sur rendez-vous, tous les jours sauf dimanche et jours f\u00e9ries de 9h00 \u00e0 18h30<\/p>\n<p class=\"font_7\">Visite des chais &#8211; D\u00e9gustation gratuite &#8211; Vente \u00e0 la propri\u00e9t\u00e9<\/p>\n<p><em>R\u00e9ception de groupe de 4 personnes et plus : visite et d\u00e9gustation 5\u20ac par personne<\/em><\/p>\n<div class=\"hrule clearfix\"><\/div>\n<h2>Ecrivez-nous et r\u00e9servez votre visite :<\/h2>\n<p style=\"text-align: center;\">\n<p style=\"text-align: center;\"><div role=\"form\" class=\"wpcf7\" id=\"wpcf7-f341-o1\" lang=\"fr-FR\" dir=\"ltr\">\n<div class=\"screen-reader-response\"><\/div>\n<form action=\"\/index.php\/wp-json\/wp\/v2\/pages\/15#wpcf7-f341-o1\" method=\"post\" class=\"wpcf7-form\" novalidate=\"novalidate\">\n<div style=\"display: none;\">\n<input type=\"hidden\" name=\"_wpcf7\" value=\"341\" \/>\n<input type=\"hidden\" name=\"_wpcf7_version\" value=\"5.0.1\" \/>\n<input type=\"hidden\" name=\"_wpcf7_locale\" value=\"fr_FR\" \/>\n<input type=\"hidden\" name=\"_wpcf7_unit_tag\" value=\"wpcf7-f341-o1\" \/>\n<input type=\"hidden\" name=\"_wpcf7_container_post\" value=\"0\" \/>\n<\/div>\n<p><label> Votre nom (obligatoire)<br \/>\n    <span class=\"wpcf7-form-control-wrap your-name\"><input type=\"text\" name=\"your-name\" value=\"\" size=\"40\" class=\"wpcf7-form-control wpcf7-text wpcf7-validates-as-required\" aria-required=\"true\" aria-invalid=\"false\" \/><\/span> <\/label><\/p>\n<p><label> Votre e-mail (obligatoire)<br \/>\n    <span class=\"wpcf7-form-control-wrap your-email\"><input type=\"email\" name=\"your-email\" value=\"\" size=\"40\" class=\"wpcf7-form-control wpcf7-text wpcf7-email wpcf7-validates-as-required wpcf7-validates-as-email\" aria-required=\"true\" aria-invalid=\"false\" \/><\/span> <\/label><\/p>\n<p><label> Objet<br \/>\n    <span class=\"wpcf7-form-control-wrap your-subject\"><input type=\"text\" name=\"your-subject\" value=\"\" size=\"40\" class=\"wpcf7-form-control wpcf7-text\" aria-invalid=\"false\" \/><\/span> <\/label><\/p>\n<p><label> Votre message<br \/>\n    <span class=\"wpcf7-form-control-wrap your-message\"><textarea name=\"your-message\" cols=\"40\" rows=\"10\" class=\"wpcf7-form-control wpcf7-textarea\" aria-invalid=\"false\"><\/textarea><\/span> <\/label><\/p>\n<p><label> Vous souhaitez visiter notre propri\u00e9t\u00e9 ?<br \/>\nIndiquez la date souhait\u00e9e :<br \/>\n        <span class=\"wpcf7-form-control-wrap date-904\"><input type=\"date\" name=\"date-904\" value=\"\" class=\"wpcf7-form-control wpcf7-date wpcf7-validates-as-date\" aria-invalid=\"false\" \/><\/span> <\/label><\/p>\n<p>Indiquez l'horaire souhait\u00e9e :<br \/>\n<span class=\"wpcf7-form-control-wrap menu-366\"><select name=\"menu-366\" class=\"wpcf7-form-control wpcf7-select\" aria-invalid=\"false\"><option value=\"09h00\">09h00<\/option><option value=\"09h30\">09h30<\/option><option value=\"10h00\">10h00<\/option><option value=\"10h30\">10h30<\/option><option value=\"11h00\">11h00<\/option><option value=\"11h30\">11h30<\/option><option value=\"12h00\">12h00<\/option><option value=\"13h00\">13h00<\/option><option value=\"13h30\">13h30<\/option><option value=\"14h00\">14h00<\/option><option value=\"14h30\">14h30<\/option><option value=\"15h00\">15h00<\/option><option value=\"15h30\">15h30<\/option><option value=\"16h00\">16h00<\/option><option value=\"16h30\">16h30<\/option><option value=\"17h00\">17h00<\/option><option value=\"17h30\">17h30<\/option><option value=\"18h00\">18h00<\/option><\/select><\/span> <\/label><\/p>\n<div class=\"wpcf7-form-control-wrap\"><div data-sitekey=\"6Lc9lUkUAAAAAN0gAtOJ---DM5jumniwjPle943C\" class=\"wpcf7-form-control g-recaptcha wpcf7-recaptcha\"><\/div>\n<noscript>\n\t<div style=\"width: 302px; height: 422px;\">\n\t\t<div style=\"width: 302px; height: 422px; position: relative;\">\n\t\t\t<div style=\"width: 302px; height: 422px; position: absolute;\">\n\t\t\t\t<iframe src=\"https:\/\/www.google.com\/recaptcha\/api\/fallback?k=6Lc9lUkUAAAAAN0gAtOJ---DM5jumniwjPle943C\" frameborder=\"0\" scrolling=\"no\" style=\"width: 302px; height:422px; border-style: none;\">\n\t\t\t\t<\/iframe>\n\t\t\t<\/div>\n\t\t\t<div style=\"width: 300px; height: 60px; border-style: none; bottom: 12px; left: 25px; margin: 0px; padding: 0px; right: 25px; background: #f9f9f9; border: 1px solid #c1c1c1; border-radius: 3px;\">\n\t\t\t\t<textarea id=\"g-recaptcha-response\" name=\"g-recaptcha-response\" class=\"g-recaptcha-response\" style=\"width: 250px; height: 40px; border: 1px solid #c1c1c1; margin: 10px 25px; padding: 0px; resize: none;\">\n\t\t\t\t<\/textarea>\n\t\t\t<\/div>\n\t\t<\/div>\n\t<\/div>\n<\/noscript>\n<\/div>\n<p><input type=\"submit\" value=\"Envoyer\" class=\"wpcf7-form-control wpcf7-submit\" \/>  <\/label><\/p>\n<div class=\"wpcf7-response-output wpcf7-display-none\"><\/div><\/form><\/div>\n","protected":false},"excerpt":{"rendered":"<p>Ch\u00e2teau Cheret Pitres Aurore &amp; Nicolas DESWARTE Lieu-dit de Pitres 33640 PORTETS \u00a006 13 15 60 63 contact@chateaucheretpitres.fr Accueil \u00e0 la propri\u00e9t\u00e9 : Sur rendez-vous, tous les jours sauf dimanche et jours f\u00e9ries de 9h00 \u00e0 18h30 Visite des chais &hellip; <a href=\"https:\/\/chateaucheretpitres.fr\/index.php\/contact\/\">Lire la suite\u00ad\u00ad<\/a><\/p>\n","protected":false},"author":1,"featured_media":0,"parent":0,"menu_order":0,"comment_status":"closed","ping_status":"closed","template":"page-fullwidth.php","meta":{"_mi_skip_tracking":false},"_links":{"self":[{"href":"https:\/\/chateaucheretpitres.fr\/index.php\/wp-json\/wp\/v2\/pages\/15"}],"collection":[{"href":"https:\/\/chateaucheretpitres.fr\/index.php\/wp-json\/wp\/v2\/pages"}],"about":[{"href":"https:\/\/chateaucheretpitres.fr\/index.php\/wp-json\/wp\/v2\/types\/page"}],"author":[{"embeddable":true,"href":"https:\/\/chateaucheretpitres.fr\/index.php\/wp-json\/wp\/v2\/users\/1"}],"replies":[{"embeddable":true,"href":"https:\/\/chateaucheretpitres.fr\/index.php\/wp-json\/wp\/v2\/comments?post=15"}],"version-history":[{"count":70,"href":"https:\/\/chateaucheretpitres.fr\/index.php\/wp-json\/wp\/v2\/pages\/15\/revisions"}],"predecessor-version":[{"id":700,"href":"https:\/\/chateaucheretpitres.fr\/index.php\/wp-json\/wp\/v2\/pages\/15\/revisions\/700"}],"wp:attachment":[{"href":"https:\/\/chateaucheretpitres.fr\/index.php\/wp-json\/wp\/v2\/media?parent=15"}],"curies":[{"name":"wp","href":"https:\/\/api.w.org\/{rel}","templated":true}]}}